{"id":14,"date":"2023-06-03T17:03:25","date_gmt":"2023-06-03T17:03:25","guid":{"rendered":"https:\/\/bomon.btd-studio.com\/?page_id=14"},"modified":"2025-02-05T14:38:57","modified_gmt":"2025-02-05T19:38:57","slug":"windows","status":"publish","type":"page","link":"https:\/\/bomon.com\/fr\/windows\/","title":{"rendered":"Fen\u00eatres"},"content":{"rendered":"<p>Nous fabriquons sur mesure des fen\u00eatres, des hublots et des \u00e9coutilles nautiques qui conviennent tout aussi bien aux embarcations de plaisance qu\u2019\u00e0 des applications commerciales ou industrielles. Nos produits polyvalents nous permettent d\u2019offrir le remplacement de fen\u00eatres sp\u00e9cifiques tout en pouvant r\u00e9pondre aux exigences de production des grands chantiers&nbsp;maritimes. <!--more--><\/p>\n<figure class=\"alignleft\"><img loading=\"lazy\" decoding=\"async\" src=\"https:\/\/bomon.com\/wp-content\/uploads\/2023\/06\/marine-glass-windows.jpg\" alt=\"Marine glass windows\" width=\"336\" height=\"300\"><\/figure>\n<p>Nos fen\u00eatres peuvent \u00eatre fixes, coulissantes, \u00e0 charni\u00e8res, hublot ou \u00e9coutille. Notre syst\u00e8me de bride de compression permet une installation facile <strong>sans vis<\/strong> traversant la&nbsp;cloison. <\/p>\n<p>Consultez <a href=\"https:\/\/bomon.com\/photo-gallery\/\">la galerie de photos<\/a> pour voir quelques bateaux \u00e9quip\u00e9s de nos&nbsp;fen\u00eatres. <\/p>\n<p>Les cadres sont produits d\u2019aluminium de grade marin 6063 pour des \u00e9paisseurs de murs allant de 0,125&quot; jusqu\u2019\u00e0 2,5&quot;. Ils sont pli\u00e9s selon des rayons de 2&quot;, 3&quot; ou 4&quot;; pour les fen\u00eatres \u00e0 charni\u00e8res, le rayon est de 3&quot;. Le fini est anodis\u00e9 clair ou&nbsp;noir.<\/p>\n<p><a class=\"arrow\" href=\"https:\/\/bomon.com\/assets\/datasheets\/FR-instructions-fenetres.pdf\" title=\"Instructions d\u2019installation \u2013 Fen\u00eatres\" target=\"_blank\" rel=\"noopener\">Voir les instructions d\u2019installation<\/a><\/p>\n<h4>Laque en poudre<\/h4>\n<p>La laque en poudre peut \u00eatre fournie dans une vari\u00e9t\u00e9 de couleurs. Par contre, <em><strong>la durabilit\u00e9 du fini n\u2019est pas garantie<\/strong><\/em>.<\/p>\n<h4>Moustiquaires<\/h4>\n<p>Des moustiquaires peuvent \u00eatre fournis pour des fen\u00eatres coulissantes ou \u00e0 charni\u00e8res et sont produits pour la fen\u00eatre sp\u00e9cifique sur laquelle ils seront install\u00e9s.<\/p>\n<h4>Couleur et opacit\u00e9 de la&nbsp;vitre<\/h4>\n<table>\n<thead>\n<tr>\n<th colspan=\"4\" style=\"text-align:center;\">Verre tremp\u00e9<\/th>\n<\/tr>\n<tr>\n<th>\u00c9paisseur<\/th>\n<th><\/th>\n<th>Couleur<\/th>\n<th>Transmis&shy;sion de lumi\u00e8re<\/th>\n<\/tr>\n<\/thead>\n<tbody>\n<tr>\n<th rowspan=\"5\">1\/4&quot;<\/th>\n<td style=\"background:#fff;\"><\/td>\n<td>Clair<\/td>\n<td>88%<\/td>\n<\/tr>\n<tr>\n<td style=\"background:#83b8a6;\"><\/td>\n<td>Vert<\/td>\n<td>75%<\/td>\n<\/tr>\n<tr>\n<td style=\"background:#6e715c;\"><\/td>\n<td>Bronze<\/td>\n<td>55%<\/td>\n<\/tr>\n<tr>\n<td style=\"background:#53645e;\"><\/td>\n<td>Gris<\/td>\n<td>44%<\/td>\n<\/tr>\n<tr>\n<td style=\"background:#26506c;\"><\/td>\n<td>Gris p\u00e2le no.&nbsp;14<\/td>\n<td>8%<\/td>\n<\/tr>\n<tr style=\"border:0;\">\n<td><\/td>\n<\/tr>\n<tr>\n<th rowspan=\"4\">3\/8&quot;<\/th>\n<td style=\"background:#fff;\"><\/td>\n<td>Clair<\/td>\n<td>86%<\/td>\n<\/tr>\n<tr>\n<td style=\"background:#83b8a6;\"><\/td>\n<td>Vert<\/td>\n<td>66%<\/td>\n<\/tr>\n<tr>\n<td style=\"background:#6e715c;\"><\/td>\n<td>Bronze<\/td>\n<td>39%<\/td>\n<\/tr>\n<tr>\n<td style=\"background:#53645e;\"><\/td>\n<td>Gris<\/td>\n<td>28%<\/td>\n<\/tr>\n<\/tbody>\n<tfoot><\/tfoot>\n<\/table>\n<h3>Fen\u00eatres fixes<\/h3>\n<figure class=\"alignleft\"><img loading=\"lazy\" decoding=\"async\" src=\"https:\/\/bomon.com\/wp-content\/uploads\/2023\/07\/fixed-windows-17.jpg\" alt=\"Fixed windows\" width=\"217\" height=\"280\"><figcaption><\/figcaption><\/figure>\n<p>Les fen\u00eatres fixes Bomon se retrouvent sur les bateaux de travail les plus sollicit\u00e9s, tel que les bateaux pompiers, les chalutiers ainsi que sur des voiliers, navires de la garde c\u00f4ti\u00e8re, etc.<\/p>\n<p>Toutes nos fen\u00eatres, comme celle illustr\u00e9e ici, sont fabriqu\u00e9es sur mesure pour s\u2019adapter a votre&nbsp;utilisation.<\/p>\n<p>Nos fen\u00eatres fixes sont id\u00e9ales pour des endroits expos\u00e9s et sont \u00e9tanches tout en respectant (et m\u00eame surpassant) les normes ABYC et ISO&nbsp;12216. Les panneaux fixes sont faits de verre tremp\u00e9, 1\/4&quot; (6&nbsp;mm) ou 3\/8&quot; (10&nbsp;mm), mont\u00e9 en compression dans un joint d\u2019\u00e9tanch\u00e9it\u00e9 en&nbsp;EPDM. <\/p>\n<p style=\"clear:both;\">\n<figure class=\"alignleft\"><img loading=\"lazy\" decoding=\"async\" src=\"https:\/\/bomon.com\/wp-content\/uploads\/2023\/07\/fixed-windows-18.jpg\" alt=\"Fixed windows\" width=\"192\" height=\"192\"><figcaption>Bride de compression<\/figcaption><\/figure>\n<figure class=\"alignleft\"><img loading=\"lazy\" decoding=\"async\" src=\"https:\/\/bomon.com\/wp-content\/uploads\/2023\/07\/fixed-windows-19.jpg\" alt=\"Fixed windows\" width=\"140\" height=\"192\"><figcaption>Vue explos\u00e9e <br \/>de l\u2019assemblage<\/figcaption><\/figure>\n<figure class=\"alignleft\"><img loading=\"lazy\" decoding=\"async\" src=\"https:\/\/bomon.com\/wp-content\/uploads\/2023\/07\/fixed-windows-20.jpg\" alt=\"Fixed windows\" width=\"132\" height=\"192\"><figcaption><\/figcaption><\/figure>\n<h3>Fen\u00eatres coulissantes<\/h3>\n<figure class=\"fit\"><img loading=\"lazy\" decoding=\"async\" src=\"https:\/\/bomon.com\/wp-content\/uploads\/2023\/06\/sliding-windows.jpg\" alt=\"Sliding windows\" width=\"700\" height=\"400\"><figcaption><\/figcaption><\/figure>\n<p>Voici une de nos fen\u00eatres coulissantes install\u00e9e sur un Back&nbsp;Cove 37&apos;, fabriqu\u00e9e sur mesure pour complimenter l\u2019\u00e9l\u00e9gance traditionnelle du design de Back&nbsp;Cove.<\/p>\n<p>Les panneaux sont compos\u00e9s de verre tremp\u00e9 0,25&quot; (6&nbsp;mm) d\u2019\u00e9paisseur. Le fixe est mont\u00e9 \u00e0 compression dans un joint d\u2019\u00e9tanch\u00e9it\u00e9 en caoutchouc. Le coulissant est mont\u00e9 dans un sillon de PVC avec languette pour am\u00e9liorer le glissement et le drainage. Les sillons verticaux et supp\u00e9rieurs sont garnis de mat\u00e9riau pr\u00e9vu pour les intemp\u00e9ries. Le caoutchouc vertical est install\u00e9 \u00e0 la membrure pour \u00e9viter la p\u00e9n\u00e9tration de&nbsp;l\u2019eau.<\/p>\n<p>Les fen\u00eatres coulissantes sont imperm\u00e9ables, PAS \u00e9tanches. Si elles sont utilis\u00e9es dans des conditions extr\u00eames, le positionnement des fen\u00eatres va influencer la p\u00e9n\u00e9tration de l\u2019eau. Consultez-nous concernant le design pour r\u00e9duire voir m\u00eame \u00e9liminer la p\u00e9n\u00e9tration possible de&nbsp;l\u2019eau.<\/p>\n<p>Nos fen\u00eatres coulissantes peuvent \u00eatre produites comme coulissant \u00e0 l\u2019horizontale, tombante (coulissant du haut vers le bas), ou de type guillotine (coulissant du bas vers le haut). Des moustiquaires amovibles peuvent \u00eatre produits en&nbsp;option.<\/p>\n<h4>Ouverture haute<\/h4>\n<figure class=\"\"><img loading=\"lazy\" decoding=\"async\" src=\"https:\/\/bomon.com\/wp-content\/uploads\/2023\/07\/halfdrop-01-768x768.jpg\" alt=\"Halfdrop windows\" width=\"440\" height=\"440\"><figcaption><\/figcaption><\/figure>\n<figure class=\"alignleft\"><img loading=\"lazy\" decoding=\"async\" src=\"https:\/\/bomon.com\/wp-content\/uploads\/2023\/07\/halfdrop-02.jpg\" alt=\"Halfdrop windows\" width=\"170\" height=\"200\"><figcaption>Poign\u00e9e et crochet<\/figcaption><\/figure>\n<figure class=\"alignleft\"><img loading=\"lazy\" decoding=\"async\" src=\"https:\/\/bomon.com\/wp-content\/uploads\/2023\/07\/halfdrop-03.jpg\" alt=\"Halfdrop windows\" width=\"170\" height=\"200\"><figcaption>Blocage<\/figcaption><\/figure>\n<h4>Guillotine<\/h4>\n<figure class=\"\"><img loading=\"lazy\" decoding=\"async\" src=\"https:\/\/bomon.com\/wp-content\/uploads\/2023\/07\/guillotine-01-768x768.jpg\" alt=\"Guillotine windows\" width=\"440\" height=\"440\"><figcaption><\/figcaption><\/figure>\n<figure class=\"alignleft\"><img loading=\"lazy\" decoding=\"async\" src=\"https:\/\/bomon.com\/wp-content\/uploads\/2023\/07\/guillotine-02.jpg\" alt=\"Guillotine windows\" width=\"170\" height=\"200\"><figcaption>Poign\u00e9e et crochet<\/figcaption><\/figure>\n<figure class=\"alignleft\"><img loading=\"lazy\" decoding=\"async\" src=\"https:\/\/bomon.com\/wp-content\/uploads\/2023\/07\/guillotine-03.jpg\" alt=\"Guillotine windows\" width=\"268\" height=\"200\"><figcaption>Goutti\u00e8re<\/figcaption><\/figure>\n<h3>Fen\u00eatres \u00e0 charni\u00e8res<\/h3>\n<figure class=\"fit\"><img loading=\"lazy\" decoding=\"async\" src=\"https:\/\/bomon.com\/wp-content\/uploads\/2023\/06\/hinged-windows.jpg\" alt=\"Hinged Windows\" width=\"594\" height=\"270\"><figcaption><\/figcaption><\/figure>\n<p>La fen\u00eatre avec anneau de compression sur mesure \u00abparfaite\u00bb pour des faces expos\u00e9es o\u00f9 une am\u00e9lioration de la visibilit\u00e9 et de la ventilation sont&nbsp;requises.<\/p>\n<p>Cette fen\u00eatre:<\/p>\n<ul class=\"tirets\">\n<li>est \u00e9tanche<\/li>\n<li>peut pivoter du haut ou du c\u00f4t\u00e9<\/li>\n<li>peut \u00eatre produite d&#8217;un panneau de 1\/4&quot; (6&nbsp;mm) jusqu\u2019\u00e0 3\/8&quot; (10&nbsp;mm).<\/li>\n<\/ul>\n<h4>\u00c9coutilles<\/h4>\n<figure class=\"fit\"><img loading=\"lazy\" decoding=\"async\" src=\"https:\/\/bomon.com\/wp-content\/uploads\/2023\/06\/hatches.jpg\" alt=\"Hatches\" width=\"507\" height=\"239\"><figcaption><\/figcaption><\/figure>\n<p>Identique dans sa fabrication \u00e0 la fen\u00eatre \u00e0 charni\u00e8re, mais peut \u00eatre produite selon vos sp\u00e9cifications en utilisant un mat\u00e9rieau diff\u00e9rent pour le panneau, comme le polycarbonate, l\u2019acrylique ou de l\u2019aluminium antid\u00e9rapant 1\/4&quot;. L\u2019\u00e9coutille Nova a des fentes de drainage qui permettent l\u2019ouverture sans qu\u2019il y ait p\u00e9n\u00e9tration d\u2019eau.<\/p>\n<h5>Cadre et anneau de compression<\/h5>\n<p>Construits \u00e0 partir d\u2019aluminium de grade marin 6063 anodis\u00e9, les coins sont pli\u00e9s avec un rayon de 3&quot;.<\/p>\n<h5>Panneau<\/h5>\n<p>Verre tremp\u00e9 0,25&quot; (6&nbsp;mm) \u2013 5\/16&quot; (8&nbsp;mm) Acrylique ou polycarbonate 0,25&quot; \u2013 1\/2&quot; Aluminium 1\/4&quot; \u2013 3\/8&quot;.<\/p>\n<h5>Charni\u00e8res<\/h5>\n<p>Profile Nova HD, tige en acier inoxydable, ruban de glissement en Teflon\u00ae.<\/p>\n<h5>Poign\u00e9es d\u2019\u00e9tanch\u00e9it\u00e9<\/h5>\n<p>Plastique renforc\u00e9 de nylon, verrouillable de l\u2019int\u00e9rieur avec deux positions \u2013 ferm\u00e9 ou ventilation (espacement approximatif de&nbsp;1\/2&quot;).<\/p>\n<h4>Garniture en caoutchouc<\/h4>\n<figure class=\"\"><img loading=\"lazy\" decoding=\"async\" src=\"https:\/\/bomon.com\/wp-content\/uploads\/2023\/06\/rubbermount-windows-768x768.jpg\" alt=\"Rubbermount Windows\" width=\"440\" height=\"440\"><figcaption><\/figcaption><\/figure>\n<h4>\u00c0 montage sur bride<\/h4>\n<figure class=\"\"><img loading=\"lazy\" decoding=\"async\" src=\"https:\/\/bomon.com\/wp-content\/uploads\/2023\/06\/flangemount-windows-768x768.jpg\" alt=\"Flangemount Windows\" width=\"440\" height=\"440\"><figcaption><\/figcaption><\/figure>\n<p>Nos fen\u00eatres \u00e0 montage sur bride peuvent \u00eatre soit fixes ou coulissantes. <\/p>\n<h3>Prises d\u2019air<\/h3>\n<p>Les cadres sont produits d\u2019aluminium de grade marin 6063 et peuvent \u00eatre pli\u00e9s selon des rayons de 2&quot; ou 3&quot; ou fabriqu\u00e9s avec des coins en onglets. Le fini peut \u00eatre anodis\u00e9 clair ou noir.<\/p>\n<p><img loading=\"lazy\" decoding=\"async\" src=\"https:\/\/bomon.com\/wp-content\/uploads\/2023\/06\/air-intakes.jpg\" alt=\"Air intakes\" width=\"352\" height=\"267\" class=\"alignleft\">Les persiennes sont install\u00e9es dans un cadre superpos\u00e9 sur un tube carr\u00e9 sectionn\u00e9 de 0,75&quot; et peuvent \u00eatre distanc\u00e9es de 3\/4&quot; \u00e0 1,25&quot;. Cette m\u00e9thode \u00e9limine les vibrations des persiennes et r\u00e9duit la restriction d\u2019air et la perte de pression. Les persiennes sont inclin\u00e9es \u00e0 35\u00b0 de l\u2019horizontal, mais peuvent \u00eatre ajust\u00e9es conform\u00e9ment aux exigences du client.<\/p>\n<p>La profondeur du cadre peut \u00eatre r\u00e9duite tout en maintenant l\u2019int\u00e9grit\u00e9 structurelle pour augmenter la circulation d\u2019air dans les sections sup\u00e9rieures et inf\u00e9rieures de la prise d\u2019air. Ceci est d\u2019un int\u00e9ret particulier quand la hauteur ou l\u2019espace derri\u00e8re la prise d\u2019air est limit\u00e9e. Des tampons filtrants peuvent \u00eatre install\u00e9s et r\u00e9duisent 98% de toutes les particules de sel et d\u2019eau jusqu\u2019\u00e0 200&nbsp;microns tout en maintenant une circulation d\u2019air d\u2019environ 97% du volume original.<\/p>\n<p>La prise d\u2019air peut \u00eatre install\u00e9e \u00e0 l\u2019aide d\u2019une bride de compression similaire au syst\u00e8me d\u2019installation de fen\u00eatres Bomon. Si l\u2019accessibilit\u00e9 derri\u00e8re la prise d\u2019air est restreinte, la prise d\u2019air peut \u00eatre fix\u00e9e de l\u2019ext\u00e9rieur.<\/p>","protected":false},"excerpt":{"rendered":"<p>Fabriqu\u00e9es enti\u00e8rement sur mesure, nos fen\u00eatres et \u00e9coutilles nautiques peuvent servir \u00e0 un remplacement sp\u00e9cifique tout en r\u00e9pondant aux exigences de production des grands chantiers&nbsp;maritimes.<\/p>\n","protected":false},"author":1,"featured_media":425,"parent":0,"menu_order":0,"comment_status":"closed","ping_status":"closed","template":"","meta":{"footnotes":""},"class_list":["post-14","page","type-page","status-publish","has-post-thumbnail","hentry"],"_links":{"self":[{"href":"https:\/\/bomon.com\/fr\/wp-json\/wp\/v2\/pages\/14","targetHints":{"allow":["GET"]}}],"collection":[{"href":"https:\/\/bomon.com\/fr\/wp-json\/wp\/v2\/pages"}],"about":[{"href":"https:\/\/bomon.com\/fr\/wp-json\/wp\/v2\/types\/page"}],"author":[{"embeddable":true,"href":"https:\/\/bomon.com\/fr\/wp-json\/wp\/v2\/users\/1"}],"replies":[{"embeddable":true,"href":"https:\/\/bomon.com\/fr\/wp-json\/wp\/v2\/comments?post=14"}],"version-history":[{"count":1,"href":"https:\/\/bomon.com\/fr\/wp-json\/wp\/v2\/pages\/14\/revisions"}],"predecessor-version":[{"id":541,"href":"https:\/\/bomon.com\/fr\/wp-json\/wp\/v2\/pages\/14\/revisions\/541"}],"wp:featuredmedia":[{"embeddable":true,"href":"https:\/\/bomon.com\/fr\/wp-json\/wp\/v2\/media\/425"}],"wp:attachment":[{"href":"https:\/\/bomon.com\/fr\/wp-json\/wp\/v2\/media?parent=14"}],"curies":[{"name":"wp","href":"https:\/\/api.w.org\/{rel}","templated":true}]}}