{"id":16,"date":"2023-06-03T17:04:03","date_gmt":"2023-06-03T17:04:03","guid":{"rendered":"https:\/\/bomon.btd-studio.com\/?page_id=16"},"modified":"2023-09-22T11:45:52","modified_gmt":"2023-09-22T15:45:52","slug":"doors","status":"publish","type":"page","link":"https:\/\/bomon.com\/fr\/doors\/","title":{"rendered":"Portes"},"content":{"rendered":"<p>Nous fabriquons plusieurs types de portes nautiques sur mesure qui conviennent tout aussi bien aux embarcations de plaisance qu\u2019\u00e0 des applications commerciales ou industrielles. Gr\u00e2ce \u00e0 nos produits polyvalents, nous pouvons remplacer une porte sp\u00e9cifique tout en r\u00e9pondant aux exigences des grands chantiers maritimes. <!--more--><\/p>\n<h3>Portes coulissantes<\/h3>\n<figure class=\"alignleft\"><img loading=\"lazy\" decoding=\"async\" src=\"https:\/\/bomon.com\/wp-content\/uploads\/2023\/06\/sliding-door.gif\" alt=\"Sliding door animation\" width=\"162\" height=\"271\"><figcaption><\/figcaption><\/figure>\n<div class=\"indent\" style=\"margin-left:175px;\">\n<h4 style=\"clear:none;\">Portes coulissantes en Corecell<\/h4>\n<p>Nos portes coulissantes en Corecell pr\u00e9sentent de nombreux avantages. Elles sont:<\/p>\n<ul class=\"tirets\">\n<li>Structurelles<\/li>\n<li>L\u00e9g\u00e8res<\/li>\n<li>Durables<\/li>\n<li>Fiables<\/li>\n<li>Faciles \u00e0 entretenir<\/li>\n<li>Solides<\/li>\n<li>Rentables<\/li>\n<li>De forme planaire ou 3D<\/li>\n<\/ul>\n<\/div>\n<figure class=\"alignleft\" style=\"clear:both;\"><img loading=\"lazy\" decoding=\"async\" src=\"https:\/\/bomon.com\/wp-content\/uploads\/2023\/07\/corecell-sliding-01.jpg\" alt=\"Corecell sliding door\" width=\"220\" height=\"275\"><figcaption>De forme 3D<\/figcaption><\/figure>\n<figure class=\"alignleft\"><img loading=\"lazy\" decoding=\"async\" src=\"https:\/\/bomon.com\/wp-content\/uploads\/2023\/07\/corecell-sliding-02.jpg\" alt=\"Corecell sliding door\" width=\"184\" height=\"275\"><figcaption>De forme planaire<\/figcaption><\/figure>\n<figure class=\"alignleft\"><img loading=\"lazy\" decoding=\"async\" src=\"https:\/\/bomon.com\/wp-content\/uploads\/2023\/07\/corecell-sliding-03.jpg\" alt=\"Corecell sliding door\" width=\"115\" height=\"275\"><figcaption>Rails<\/figcaption><\/figure>\n<h4>Portes coulissantes en acrylique<\/h4>\n<figure class=\"alignleft\"><img loading=\"lazy\" decoding=\"async\" src=\"https:\/\/bomon.com\/wp-content\/uploads\/2023\/07\/acrylic-sliding-01-768x768.jpg\" alt=\"Acrylic sliding door\" width=\"440\" height=\"440\"><figcaption>Acrylique opaque<\/figcaption><\/figure>\n<figure class=\"alignleft\"><img loading=\"lazy\" decoding=\"async\" src=\"https:\/\/bomon.com\/wp-content\/uploads\/2023\/07\/acrylic-sliding-02-768x768.jpg\" alt=\"Acrylic sliding door\" width=\"440\" height=\"440\"><figcaption>Acrylique transparent<\/figcaption><\/figure>\n<figure class=\"alignleft\"><img loading=\"lazy\" decoding=\"async\" src=\"https:\/\/bomon.com\/wp-content\/uploads\/2023\/07\/acrylic-sliding-03.jpg\" alt=\"Acrylic sliding door\" width=\"282\" height=\"200\"><figcaption>Rail sup\u00e9rieur et inf\u00e9rieur<\/figcaption><\/figure>\n<p style=\"clear:both;\"><a class=\"arrow\" href=\"https:\/\/bomon.com\/assets\/datasheets\/FR-instructions-portes-coulissantes.pdf\" title=\"Instructions d\u2019installation \u2013 Portes coulissantes\" target=\"_blank\" rel=\"noopener\">Voir les instructions d\u2019installation<\/a><\/p>\n<h3>Portes \u00e0 charni\u00e8res<\/h3>\n<p><img loading=\"lazy\" decoding=\"async\" class=\"alignleft\" src=\"https:\/\/bomon.com\/wp-content\/uploads\/2023\/06\/marine-hinged-door.gif\" alt=\"Marine hinged door\" width=\"288\" height=\"300\">La porte ci-contre est fabriqu\u00e9e avec un panneau lamin\u00e9 aluminium\/Corecell\/aluminium qui donne un poids tr\u00e8s l\u00e9ger ainsi qu\u2019une grande durabilit\u00e9 capable de prendre des charges de 7,5&nbsp;lb\/pouce\u00b2. La technologie Nova en fait une porte \u00e9tanche et une installation avec anneau de compression ais\u00e9e et propre. Disponible en peinture blanc polaire ou en fini&nbsp;brut.<\/p>\n<p>La porte \u00abcollision\u00bb Nova est identique \u00e0 la porte Nova, sauf pour le panneau qui est produit en aluminium 0,25&quot; ou 0,375&quot;. La porte \u00abcollision\u00bb peut aussi \u00eatre renforc\u00e9e lat\u00e9ralement. Des poign\u00e9es d\u2019\u00e9tanch\u00e9it\u00e9 sont aussi ajout\u00e9es du c\u00f4t\u00e9 des charni\u00e8res, assurant ainsi l\u2019\u00e9tanch\u00e9it\u00e9 m\u00eame apr\u00e8s un bris des charni\u00e8res suite \u00e0 une&nbsp;collision.<\/p>\n<figure class=\"alignleft\"><img loading=\"lazy\" decoding=\"async\" src=\"https:\/\/bomon.com\/wp-content\/uploads\/2023\/09\/hinged-doors-01-768x768.jpg\" alt=\"Marine hinged door\" width=\"440\" height=\"440\"><figcaption>Porte \u00e0 charni\u00e8re<\/figcaption><\/figure>\n<figure class=\"alignleft\"><img loading=\"lazy\" decoding=\"async\" src=\"https:\/\/bomon.com\/wp-content\/uploads\/2023\/09\/hinged-doors-02.jpg\" alt=\"Marine hinged door\" width=\"350\" height=\"350\"><figcaption>Quicaillerie<\/figcaption><\/figure>\n<p style=\"clear:both;\"><a class=\"arrow\" href=\"https:\/\/bomon.com\/assets\/datasheets\/FR-instructions-fenetres.pdf\" title=\"Instructions d\u2019installation \u2013 Fen\u00eatres\" target=\"_blank\" rel=\"noopener\">Voir les instructions d\u2019installation<\/a><\/p>\n<h4>Portes int\u00e9rieures<\/h4>\n<p>La porte montr\u00e9e ici est produite d\u2019un lamin\u00e9 aluminium\/Corecell\/aluminium qui donne un produit l\u00e9ger, durable et robuste. Disponible en blanc arctique et en fini&nbsp;clair.<\/p>\n<figure class=\"fit\"><img loading=\"lazy\" decoding=\"async\" src=\"https:\/\/bomon.com\/wp-content\/uploads\/2023\/06\/interior-doors.jpg\" alt=\"Interior doors\" width=\"549\" height=\"369\"><figcaption><\/figcaption><\/figure>\n<p><\/p>","protected":false},"excerpt":{"rendered":"<p>Nous fabriquons plusieurs types de portes nautiques sur mesure qui conviennent tout aussi bien aux embarcations de plaisance qu\u2019\u00e0 des applications commerciales ou industrielles.<\/p>\n","protected":false},"author":1,"featured_media":422,"parent":0,"menu_order":0,"comment_status":"closed","ping_status":"closed","template":"","meta":{"footnotes":""},"class_list":["post-16","page","type-page","status-publish","has-post-thumbnail","hentry"],"_links":{"self":[{"href":"https:\/\/bomon.com\/fr\/wp-json\/wp\/v2\/pages\/16","targetHints":{"allow":["GET"]}}],"collection":[{"href":"https:\/\/bomon.com\/fr\/wp-json\/wp\/v2\/pages"}],"about":[{"href":"https:\/\/bomon.com\/fr\/wp-json\/wp\/v2\/types\/page"}],"author":[{"embeddable":true,"href":"https:\/\/bomon.com\/fr\/wp-json\/wp\/v2\/users\/1"}],"replies":[{"embeddable":true,"href":"https:\/\/bomon.com\/fr\/wp-json\/wp\/v2\/comments?post=16"}],"version-history":[{"count":0,"href":"https:\/\/bomon.com\/fr\/wp-json\/wp\/v2\/pages\/16\/revisions"}],"wp:featuredmedia":[{"embeddable":true,"href":"https:\/\/bomon.com\/fr\/wp-json\/wp\/v2\/media\/422"}],"wp:attachment":[{"href":"https:\/\/bomon.com\/fr\/wp-json\/wp\/v2\/media?parent=16"}],"curies":[{"name":"wp","href":"https:\/\/api.w.org\/{rel}","templated":true}]}}