{"id":2,"date":"2023-06-03T16:55:03","date_gmt":"2023-06-03T16:55:03","guid":{"rendered":"https:\/\/bomon.btd-studio.com\/?page_id=2"},"modified":"2023-09-21T17:20:47","modified_gmt":"2023-09-21T21:20:47","slug":"bomon","status":"publish","type":"page","link":"https:\/\/bomon.com\/fr\/","title":{"rendered":"Fen\u00eatres, portes et \u00e9coutilles nautiques"},"content":{"rendered":"<p><strong>Bienvenue chez Bomon!<\/strong> Nous fabriquons sur mesure des fen\u00eatres, des portes et des \u00e9coutilles nautiques destin\u00e9es aussi bien aux embarcations de plaisance qu\u2019\u00e0 des applications commerciales ou industrielles. Gr\u00e2ce \u00e0 nos produits polyvalents, nous pouvons remplacer une fen\u00eatre ou une porte sp\u00e9cifique tout en r\u00e9pondant aux exigences des grands chantiers&nbsp;maritimes.<\/p>","protected":false},"excerpt":{"rendered":"<p>Bienvenue chez Bomon! Nous fabriquons sur mesure des fen\u00eatres, des portes et des \u00e9coutilles nautiques destin\u00e9es aussi bien aux embarcations de plaisance qu\u2019\u00e0 des applications commerciales ou industrielles. Gr\u00e2ce \u00e0 nos produits polyvalents, nous pouvons remplacer une fen\u00eatre ou une porte sp\u00e9cifique tout en r\u00e9pondant aux exigences des grands chantiers&nbsp;maritimes.<\/p>\n","protected":false},"author":1,"featured_media":416,"parent":0,"menu_order":0,"comment_status":"closed","ping_status":"open","template":"","meta":{"footnotes":""},"class_list":["post-2","page","type-page","status-publish","has-post-thumbnail","hentry"],"_links":{"self":[{"href":"https:\/\/bomon.com\/fr\/wp-json\/wp\/v2\/pages\/2","targetHints":{"allow":["GET"]}}],"collection":[{"href":"https:\/\/bomon.com\/fr\/wp-json\/wp\/v2\/pages"}],"about":[{"href":"https:\/\/bomon.com\/fr\/wp-json\/wp\/v2\/types\/page"}],"author":[{"embeddable":true,"href":"https:\/\/bomon.com\/fr\/wp-json\/wp\/v2\/users\/1"}],"replies":[{"embeddable":true,"href":"https:\/\/bomon.com\/fr\/wp-json\/wp\/v2\/comments?post=2"}],"version-history":[{"count":0,"href":"https:\/\/bomon.com\/fr\/wp-json\/wp\/v2\/pages\/2\/revisions"}],"wp:featuredmedia":[{"embeddable":true,"href":"https:\/\/bomon.com\/fr\/wp-json\/wp\/v2\/media\/416"}],"wp:attachment":[{"href":"https:\/\/bomon.com\/fr\/wp-json\/wp\/v2\/media?parent=2"}],"curies":[{"name":"wp","href":"https:\/\/api.w.org\/{rel}","templated":true}]}}