{"id":20,"date":"2023-06-03T17:05:55","date_gmt":"2023-06-03T17:05:55","guid":{"rendered":"https:\/\/bomon.btd-studio.com\/?page_id=20"},"modified":"2024-12-10T16:00:07","modified_gmt":"2024-12-10T21:00:07","slug":"parts-and-accessories","status":"publish","type":"page","link":"https:\/\/bomon.com\/fr\/parts-and-accessories\/","title":{"rendered":"Pi\u00e8ces &#038; accessoires"},"content":{"rendered":"<p>Toutes nos pi\u00e8ces, telles que les poign\u00e9es, les joints d\u2019\u00e9tanch\u00e9it\u00e9 ou les bras extensibles sont disponibles individuellement au cas o\u00f9 vous souhaiteriez remplacer votre produit&nbsp;Bomon.<!--more--><\/p>\n<h3>Joints d\u2019\u00e9tanch\u00e9it\u00e9<\/h3>\n<figure class=\"alignleft\"><img loading=\"lazy\" decoding=\"async\" src=\"https:\/\/bomon.com\/wp-content\/uploads\/2023\/06\/parts-10.jpg\" alt=\"Neoprene seals\" width=\"700\" height=\"400\"><figcaption>Scellant n\u00e9opr\u00e8ne<\/figcaption><\/figure>\n<p>3\/8 \u00d7 1\/8&quot;, double face<br \/>3\/8 \u00d7 1\/8&quot;, une face<br \/>1\/2 \u00d7 1\/4&quot;, une face<br \/>3\/4 \u00d7 3\/16&quot;, une face<\/p>\n<figure class=\"alignleft\" style=\"clear:both;\"><img loading=\"lazy\" decoding=\"async\" src=\"https:\/\/bomon.com\/wp-content\/uploads\/2023\/06\/seals-02.jpg\" alt=\"Felt seals\" width=\"440\" height=\"188\"><figcaption>Feutre coulissant et&nbsp;sillon en PVC<\/figcaption><\/figure>\n<figure class=\"alignleft\"><img loading=\"lazy\" decoding=\"async\" src=\"https:\/\/bomon.com\/wp-content\/uploads\/2023\/06\/seals-03.jpg\" alt=\"Rubber seals\" width=\"440\" height=\"188\"><figcaption>Caoutchouc 10&nbsp;mm, 6&nbsp;mm, 5&nbsp;mm, et&nbsp;joint&nbsp;Nova<\/figcaption><\/figure>\n<h3>Poign\u00e9es<\/h3>\n<figure class=\"alignleft\"><img loading=\"lazy\" decoding=\"async\" src=\"https:\/\/bomon.com\/wp-content\/uploads\/2023\/07\/handles-02.jpg\" alt=\"Handles\" width=\"440\" height=\"440\"><figcaption>Poign\u00e9es de remplacement<\/figcaption><\/figure>\n<figure class=\"alignleft\"><img loading=\"lazy\" decoding=\"async\" src=\"https:\/\/bomon.com\/wp-content\/uploads\/2023\/07\/handles-01.jpg\" alt=\"Handles\" width=\"440\" height=\"440\"><figcaption>Poign\u00e9es de remplacement<\/figcaption><\/figure>\n<figure class=\"alignleft\"><img loading=\"lazy\" decoding=\"async\" src=\"https:\/\/bomon.com\/wp-content\/uploads\/2023\/07\/handles-03.jpg\" alt=\"Handles with lock\" width=\"500\" height=\"400\"><figcaption>Poign\u00e9es avec serrure<\/figcaption><\/figure>\n<figure class=\"alignleft\"><img loading=\"lazy\" decoding=\"async\" src=\"https:\/\/bomon.com\/wp-content\/uploads\/2023\/07\/handles-04.jpg\" alt=\"Handles with lock\" width=\"500\" height=\"400\"><figcaption>Poign\u00e9es avec serrure<\/figcaption><\/figure>\n<h3>Serrures<\/h3>\n<figure class=\"alignleft\"><img loading=\"lazy\" decoding=\"async\" src=\"https:\/\/bomon.com\/wp-content\/uploads\/2023\/07\/locks-01.jpg\" alt=\"Plastic locks\" width=\"700\" height=\"400\"><figcaption>Serrures en plastique<\/figcaption><\/figure>\n<figure class=\"alignleft\"><img loading=\"lazy\" decoding=\"async\" src=\"https:\/\/bomon.com\/wp-content\/uploads\/2023\/07\/locks-02.jpg\" alt=\"Plastic locks\" width=\"700\" height=\"400\"><figcaption>Serrures en plastique<\/figcaption><\/figure>\n<figure class=\"alignleft\"><img loading=\"lazy\" decoding=\"async\" src=\"https:\/\/bomon.com\/wp-content\/uploads\/2023\/07\/locks-03.jpg\" alt=\"Stainless steel locks\" width=\"700\" height=\"400\"><figcaption>Serrures en acier inoxydable<\/figcaption><\/figure>\n<figure class=\"alignleft\"><img loading=\"lazy\" decoding=\"async\" src=\"https:\/\/bomon.com\/wp-content\/uploads\/2023\/07\/locks-04.jpg\" alt=\"Stainless steel locks\" width=\"700\" height=\"400\"><figcaption>Serrures en acier inoxydable<\/figcaption><\/figure>\n<figure class=\"\"><img loading=\"lazy\" decoding=\"async\" src=\"https:\/\/bomon.com\/wp-content\/uploads\/2023\/07\/locks-05.jpg\" alt=\"Stainless steel handles and locks\" width=\"700\" height=\"400\"><figcaption>Serrures et poign\u00e9es en acier inoxydable<\/figcaption><\/figure>\n<h3>Bras extensibles<\/h3>\n<figure><img loading=\"lazy\" decoding=\"async\" src=\"https:\/\/bomon.com\/wp-content\/uploads\/2023\/07\/adjusters-01.jpg\" alt=\"Swivel-end adjusters\" width=\"700\" height=\"257\"><figcaption>Bras extensibles avec bout pivotant<\/figcaption><\/figure>\n<figure><img loading=\"lazy\" decoding=\"async\" src=\"https:\/\/bomon.com\/wp-content\/uploads\/2023\/07\/adjusters-02.jpg\" alt=\"Linear adjuster\" width=\"700\" height=\"257\"><figcaption>Bras extensibles lin\u00e9aires<\/figcaption><\/figure>\n<p>Dimensions du centre de la base: 13&quot; \u2013 22 7\/8&quot; (330&nbsp;mm \u2013 580&nbsp;mm)<br \/>\nD\u2019autres dimensions sont aussi disponibles sur commande sp\u00e9ciale.<\/p>","protected":false},"excerpt":{"rendered":"<p>Toutes nos pi\u00e8ces, telles que les poign\u00e9es, les joints d\u2019\u00e9tanch\u00e9it\u00e9 ou les bras extensibles sont disponibles individuellement au cas o\u00f9 vous souhaiteriez remplacer votre produit&nbsp;Bomon.<\/p>\n","protected":false},"author":1,"featured_media":354,"parent":0,"menu_order":0,"comment_status":"closed","ping_status":"closed","template":"","meta":{"footnotes":""},"class_list":["post-20","page","type-page","status-publish","has-post-thumbnail","hentry"],"_links":{"self":[{"href":"https:\/\/bomon.com\/fr\/wp-json\/wp\/v2\/pages\/20","targetHints":{"allow":["GET"]}}],"collection":[{"href":"https:\/\/bomon.com\/fr\/wp-json\/wp\/v2\/pages"}],"about":[{"href":"https:\/\/bomon.com\/fr\/wp-json\/wp\/v2\/types\/page"}],"author":[{"embeddable":true,"href":"https:\/\/bomon.com\/fr\/wp-json\/wp\/v2\/users\/1"}],"replies":[{"embeddable":true,"href":"https:\/\/bomon.com\/fr\/wp-json\/wp\/v2\/comments?post=20"}],"version-history":[{"count":1,"href":"https:\/\/bomon.com\/fr\/wp-json\/wp\/v2\/pages\/20\/revisions"}],"predecessor-version":[{"id":539,"href":"https:\/\/bomon.com\/fr\/wp-json\/wp\/v2\/pages\/20\/revisions\/539"}],"wp:featuredmedia":[{"embeddable":true,"href":"https:\/\/bomon.com\/fr\/wp-json\/wp\/v2\/media\/354"}],"wp:attachment":[{"href":"https:\/\/bomon.com\/fr\/wp-json\/wp\/v2\/media?parent=20"}],"curies":[{"name":"wp","href":"https:\/\/api.w.org\/{rel}","templated":true}]}}