{"id":26,"date":"2023-06-03T17:08:00","date_gmt":"2023-06-03T17:08:00","guid":{"rendered":"https:\/\/bomon.btd-studio.com\/?page_id=26"},"modified":"2024-01-14T18:38:26","modified_gmt":"2024-01-14T23:38:26","slug":"contact","status":"publish","type":"page","link":"https:\/\/bomon.com\/fr\/contact\/","title":{"rendered":"Nous joindre"},"content":{"rendered":"<p><\/p>\n<div style=\"float:right;\"><iframe src=\"https:\/\/www.google.com\/maps\/embed?pb=!1m18!1m12!1m3!1d2792.8330068251958!2d-73.72545798746138!3d45.57379667095518!2m3!1f0!2f0!3f0!3m2!1i1024!2i768!4f13.1!3m3!1m2!1s0x4cc9222b165ce967%3A0x1681508b08e91f7b!2sBomon%20Marine%20Equipement!5e0!3m2!1sen!2sca!4v1695151497341!5m2!1sen!2sca&#038;language=fr\" width=\"525\" height=\"420\" style=\"border:0;\" allowfullscreen=\"\" loading=\"lazy\" referrerpolicy=\"no-referrer-when-downgrade\"><\/iframe><\/div>\n<p><a class=\"email\" href=\"mailto:info@bomon.com\">info@bomon.com<\/a><\/p>\n<hr>\n<div class=\"locInfo vcard\">\n<h6 class=\"fn org\">Bomon \u00e9quipement marin inc.<\/h6>\n<p class=\"adr\"><span class=\"street-address\">1855, boulevard Industriel<\/span><br \/>\n<span class=\"locality\">Laval<\/span>, <span class=\"region\">Qu\u00e9bec<\/span><br \/>\n<span class=\"postal-code\">H7S 1P5<\/span><br \/>\n<span class=\"country\">Canada<\/span><\/p>\n<table class=\"plain\">\n<tr>\n<th>T\u00e9l\u00e9phone:<\/th>\n<td class=\"tel\"><a href=\"tel:450-668-3113\">450 668-3113<\/a><\/td>\n<\/tr>\n<tr>\n<th>Fax:<\/th>\n<td class=\"tel fax\"><a href=\"tel:450-668-3456\">450 668-3456<\/a><\/td>\n<\/tr>\n<tr>\n<th>Sans frais:<\/th>\n<td class=\"tel toll-free\"><a href=\"tel:1-800-300-3113\">1 800 300-3113<\/td>\n<\/tr>\n<\/table>\n<\/div>\n<hr>\n<h6>Heures d\u2019ouverture<\/h6>\n<table class=\"plain\">\n<thead>\n<tr>\n<td>Heure de l\u2019Est<\/td>\n<\/tr>\n<\/thead>\n<tbody>\n<tr>\n<th>Lundi au jeudi:<\/th>\n<td>8&nbsp;h \u2013 17&nbsp;h<\/td>\n<\/tr>\n<tr>\n<th>Vendredi:<\/th>\n<td>8&nbsp;h \u2013 14&nbsp;h&nbsp;30<\/td>\n<\/tr>\n<tbody>\n<\/table>\n<p><\/p>","protected":false},"excerpt":{"rendered":"<p>info@bomon.com Bomon \u00e9quipement marin inc. 1855, boulevard Industriel Laval, Qu\u00e9bec H7S 1P5 Canada T\u00e9l\u00e9phone: 450 668-3113 Fax: 450 668-3456 Sans frais: 1 800 300-3113 Heures d\u2019ouverture Heure de l\u2019Est Lundi au jeudi: 8&nbsp;h \u2013 17&nbsp;h Vendredi: 8&nbsp;h \u2013 14&nbsp;h&nbsp;30<\/p>\n","protected":false},"author":1,"featured_media":430,"parent":0,"menu_order":0,"comment_status":"closed","ping_status":"closed","template":"page-wide.php","meta":{"footnotes":""},"class_list":["post-26","page","type-page","status-publish","has-post-thumbnail","hentry"],"_links":{"self":[{"href":"https:\/\/bomon.com\/fr\/wp-json\/wp\/v2\/pages\/26","targetHints":{"allow":["GET"]}}],"collection":[{"href":"https:\/\/bomon.com\/fr\/wp-json\/wp\/v2\/pages"}],"about":[{"href":"https:\/\/bomon.com\/fr\/wp-json\/wp\/v2\/types\/page"}],"author":[{"embeddable":true,"href":"https:\/\/bomon.com\/fr\/wp-json\/wp\/v2\/users\/1"}],"replies":[{"embeddable":true,"href":"https:\/\/bomon.com\/fr\/wp-json\/wp\/v2\/comments?post=26"}],"version-history":[{"count":1,"href":"https:\/\/bomon.com\/fr\/wp-json\/wp\/v2\/pages\/26\/revisions"}],"predecessor-version":[{"id":537,"href":"https:\/\/bomon.com\/fr\/wp-json\/wp\/v2\/pages\/26\/revisions\/537"}],"wp:featuredmedia":[{"embeddable":true,"href":"https:\/\/bomon.com\/fr\/wp-json\/wp\/v2\/media\/430"}],"wp:attachment":[{"href":"https:\/\/bomon.com\/fr\/wp-json\/wp\/v2\/media?parent=26"}],"curies":[{"name":"wp","href":"https:\/\/api.w.org\/{rel}","templated":true}]}}