{"id":37,"date":"2023-06-04T16:06:05","date_gmt":"2023-06-04T16:06:05","guid":{"rendered":"https:\/\/bomon.btd-studio.com\/?page_id=37"},"modified":"2023-09-14T08:50:20","modified_gmt":"2023-09-14T12:50:20","slug":"quote","status":"publish","type":"page","link":"https:\/\/bomon.com\/fr\/quote\/","title":{"rendered":"Demandez un devis"},"content":{"rendered":"<p>Nous avons produit au fil des ann\u00e9es de nombreux types de fen\u00eatres, portes et \u00e9coutilles sur mesure pour des bateaux \u00e0 voile ou \u00e0 moteur. Fournissez-nous la marque, le mod\u00e8le et l\u2019ann\u00e9e de votre bateau, et nous trouverons votre information dans notre importante base de donn\u00e9es.<!--more--><\/p>\n<p>Si les sp\u00e9cifications de votre bateau ne figurent pas dans notre base de donn\u00e9es, contactez-nous via courriel avec des photos ainsi que les dimensions (longueur et largeur) de vos&nbsp;fen\u00eatres. <\/p>\n<p>En se basant sur cette information, nous allons vous fournir une estimation dans les 48&nbsp;heures. Nous pourrons par la suite proc\u00e9der \u00e0 l\u2019\u00e9laboration d\u2019un dessin de production et \u00e0 vous l\u2019envoyer pour approbation.<\/p>\n<p><a class=\"arrow\" href=\"https:\/\/bomon.com\/assets\/datasheets\/FR-formulaire-prise-de-mesures.pdf\" title=\"Formulaire de prise de mesures\" target=\"_blank\" rel=\"noopener\">Voir le formulaire de prise de&nbsp;mesures<\/a><\/p>\n<h3>Comment commander<\/h3>\n<p>Il est important de nous fournir les dimensions exactes des ouvertures. Vous&nbsp;pouvez proc\u00e9der de deux&nbsp;fa\u00e7ons:<\/p>\n<h4>Premi\u00e8re m\u00e9thode: Utilisez des gabarits<\/h4>\n<ol>\n<li>Retirez la fen\u00eatre existante.<\/li>\n<li>Collez un carton ou un papier sur l&#8217;ext\u00e9rieur de la coque.<\/li>\n<li>De l\u2019int\u00e9rieur, tracez une ligne suivant le contour de l\u2019ouverture avec le&nbsp;plus de pr\u00e9cision possible.<\/li>\n<li>Identifiez la fen\u00eatre sur le dessin avec babord ou tribord et proue ou&nbsp;poupe.<\/li>\n<li>Envoyez par courrier \u00e0 Bomon inc., 1855 boulevard Industriel, Laval Qu\u00e9bec, H7S&nbsp;1P5 Canada. Si n\u00e9cessaire, d\u00e9clarez pour les douanes des&nbsp;gabarits d\u2019une valeur de&nbsp;10$.<\/li>\n<\/ol>\n<h4>Deuxi\u00e8me m\u00e9thode: Utilisez la formulaire de prise de mesures<\/h4>\n<ol>\n<li>Retirez la fen\u00eatre existante.<\/li>\n<li>En utilisant une grande r\u00e8gle align\u00e9e sur l\u2019ouverture, allongez les lignes d\u2019ouverture au del\u00e0 des arrondis, produisant ainsi 4&nbsp;intersections.<\/li>\n<li>Mesurez la distance entre les intersections au millim\u00e8tre pr\u00e8s (1\/16&quot;).<\/li>\n<li>Mesurez la longueur des diagonales AC et BD au millim\u00e8tre pr\u00e8s (1\/16&quot;).<\/li>\n<li>Soyez aussi pr\u00e9cis que possible, mais si une erreur se glisse, notre logiciel nous le dira et nous demandera une nouvelle mesure.<\/li>\n<\/ol>\n<p><\/p>","protected":false},"excerpt":{"rendered":"<p>D\u00e9sol\u00e9, cet article est seulement disponible en English.<\/p>\n","protected":false},"author":1,"featured_media":420,"parent":0,"menu_order":0,"comment_status":"closed","ping_status":"closed","template":"","meta":{"footnotes":""},"class_list":["post-37","page","type-page","status-publish","has-post-thumbnail","hentry"],"_links":{"self":[{"href":"https:\/\/bomon.com\/fr\/wp-json\/wp\/v2\/pages\/37","targetHints":{"allow":["GET"]}}],"collection":[{"href":"https:\/\/bomon.com\/fr\/wp-json\/wp\/v2\/pages"}],"about":[{"href":"https:\/\/bomon.com\/fr\/wp-json\/wp\/v2\/types\/page"}],"author":[{"embeddable":true,"href":"https:\/\/bomon.com\/fr\/wp-json\/wp\/v2\/users\/1"}],"replies":[{"embeddable":true,"href":"https:\/\/bomon.com\/fr\/wp-json\/wp\/v2\/comments?post=37"}],"version-history":[{"count":0,"href":"https:\/\/bomon.com\/fr\/wp-json\/wp\/v2\/pages\/37\/revisions"}],"wp:featuredmedia":[{"embeddable":true,"href":"https:\/\/bomon.com\/fr\/wp-json\/wp\/v2\/media\/420"}],"wp:attachment":[{"href":"https:\/\/bomon.com\/fr\/wp-json\/wp\/v2\/media?parent=37"}],"curies":[{"name":"wp","href":"https:\/\/api.w.org\/{rel}","templated":true}]}}