{"id":87,"date":"2023-06-07T10:31:07","date_gmt":"2023-06-07T14:31:07","guid":{"rendered":"https:\/\/bomon.btd-studio.com\/?page_id=87"},"modified":"2023-09-07T15:57:59","modified_gmt":"2023-09-07T19:57:59","slug":"dimensions-calculator","status":"publish","type":"page","link":"https:\/\/bomon.com\/fr\/dimensions-calculator\/","title":{"rendered":"V\u00e9rification des mesures"},"content":{"rendered":"<p>Afin de produire une fen\u00eatre pr\u00e9cise, nous avons besoin d\u2019obtenir des dimensions pr\u00e9cises de votre part. Ce calculateur est fait pour que vous puissiez v\u00e9rifier vos mesures. Entrez vos donn\u00e9es dans les cases appropri\u00e9es pour les six dimensions. Si la valeur calcul\u00e9e de CD diff\u00e8re de 0,125&quot; (3&nbsp;mm) rev\u00e9rifiez vos mesures. Si apr\u00e8s rev\u00e9rification, vous avez toujours un \u00e9cart, veuillez nous contacter.<\/p>\n<p><a class=\"arrow\" href=\"https:\/\/bomon.com\/assets\/datasheets\/FR-formulaire-prise-de-mesures.pdf\" title=\"Formulaire de prise de mesures\" target=\"_blank\" rel=\"noopener\">Voir le formulaire de prise de&nbsp;mesures<\/a><br \/>\n<\/p>","protected":false},"excerpt":{"rendered":"<p>Afin de produire une fen\u00eatre pr\u00e9cise, nous avons besoin d\u2019obtenir des dimensions pr\u00e9cises de votre part. Ce calculateur est fait pour que vous puissiez v\u00e9rifier vos mesures. Entrez vos donn\u00e9es dans les cases appropri\u00e9es pour les six dimensions. Si la valeur calcul\u00e9e de CD diff\u00e8re de 0,125&quot; (3&nbsp;mm) rev\u00e9rifiez vos mesures. Si apr\u00e8s rev\u00e9rification, vous&hellip;<\/p>\n","protected":false},"author":1,"featured_media":0,"parent":0,"menu_order":0,"comment_status":"closed","ping_status":"closed","template":"page-calculator.php","meta":{"footnotes":""},"class_list":["post-87","page","type-page","status-publish","hentry"],"_links":{"self":[{"href":"https:\/\/bomon.com\/fr\/wp-json\/wp\/v2\/pages\/87","targetHints":{"allow":["GET"]}}],"collection":[{"href":"https:\/\/bomon.com\/fr\/wp-json\/wp\/v2\/pages"}],"about":[{"href":"https:\/\/bomon.com\/fr\/wp-json\/wp\/v2\/types\/page"}],"author":[{"embeddable":true,"href":"https:\/\/bomon.com\/fr\/wp-json\/wp\/v2\/users\/1"}],"replies":[{"embeddable":true,"href":"https:\/\/bomon.com\/fr\/wp-json\/wp\/v2\/comments?post=87"}],"version-history":[{"count":0,"href":"https:\/\/bomon.com\/fr\/wp-json\/wp\/v2\/pages\/87\/revisions"}],"wp:attachment":[{"href":"https:\/\/bomon.com\/fr\/wp-json\/wp\/v2\/media?parent=87"}],"curies":[{"name":"wp","href":"https:\/\/api.w.org\/{rel}","templated":true}]}}